{"id":6943,"date":"2026-04-09T12:31:26","date_gmt":"2026-04-09T09:31:26","guid":{"rendered":"https:\/\/paktas.com\/products\/vehicle-mounted-platforms\/"},"modified":"2026-04-14T12:18:45","modified_gmt":"2026-04-14T09:18:45","slug":"vehicle-mounted-platforms","status":"publish","type":"page","link":"https:\/\/paktas.com\/en\/products\/vehicle-mounted-platforms\/","title":{"rendered":"Vehicle-Mounted Platforms"},"content":{"rendered":"<section class=\"l-section wpb_row height_auto width_full\"><div class=\"l-section-h i-cf\"><div class=\"g-cols vc_row via_grid cols_1 laptops-cols_inherit tablets-cols_inherit mobiles-cols_1 valign_top type_default stacking_default\"><div class=\"wpb_column vc_column_container\"><div class=\"vc_column-inner\"><div class=\"w-html\"><section class=\"paktas-urunler-section\">\n  <div class=\"paktas-container\">\n    \n    <div class=\"paktas-section-header\">\n      <h2>Vehicle-Mounted Platforms<\/h2>\n      <p>\u015eehir i\u00e7i ve \u015fantiye ko\u015fullar\u0131nda y\u00fcksek hareket kabiliyeti sunan, 14 metreden 55 metreye kadar uzanan profesyonel ara\u00e7 \u00fcst\u00fc teleskobik ve eklemli platform \u00e7\u00f6z\u00fcmlerimiz.<\/p>\n    <\/div>\n\n    <div class=\"paktas-urunler-grid\">\n      \n      <a href=\"https:\/\/paktas.com\/en\/products\/vehicle-mounted-platforms\/pt-142-vehicle-mounted-telescopic-platform\/\" class=\"paktas-urun-card\">\n        <div class=\"urun-img-wrapper\">\n          <img decoding=\"async\" src=\"https:\/\/paktas.com\/wp-content\/uploads\/2026\/03\/pt142.png\" alt=\"PT-142 Vehicle-Mounted Telescopic Platform\">\n          <div class=\"urun-overlay\">\n            <span class=\"incele-btn\">Review <i class=\"fa-solid fa-arrow-right\"><\/i><\/span>\n          <\/div>\n        <\/div>\n        <div class=\"urun-info\">\n          <h3>PT-142 Vehicle-Mounted Telescopic Platform<\/h3>\n        <\/div>\n      <\/a>\n\n      <a href=\"https:\/\/paktas.com\/en\/products\/vehicle-mounted-platforms\/pt-162-arac-ustu-teleskobik-platform\/\" class=\"paktas-urun-card\">\n        <div class=\"urun-img-wrapper\">\n          <img decoding=\"async\" src=\"https:\/\/paktas.com\/wp-content\/uploads\/2026\/04\/pt162.png\" alt=\"PT-162 Ara\u00e7 \u00dcst\u00fc Teleskobik Platform\">\n          <div class=\"urun-overlay\">\n            <span class=\"incele-btn\">Review <i class=\"fa-solid fa-arrow-right\"><\/i><\/span>\n          <\/div>\n        <\/div>\n        <div class=\"urun-info\">\n          <h3>PT-162 Ara\u00e7 \u00dcst\u00fc Teleskobik Platform<\/h3>\n        <\/div>\n      <\/a>\n\n      <a href=\"https:\/\/paktas.com\/urunler\/arac-ustu-platformlar\/pt-183-arac-ustu-teleskobik-platform\/\" class=\"paktas-urun-card\">\n        <div class=\"urun-img-wrapper\">\n          <img decoding=\"async\" src=\"https:\/\/paktas.com\/wp-content\/uploads\/2026\/04\/pt183.png\" alt=\"PT-183 Vehicle-Mounted Telescopic Platform\">\n          <div class=\"urun-overlay\">\n            <span class=\"incele-btn\">Review <i class=\"fa-solid fa-arrow-right\"><\/i><\/span>\n          <\/div>\n        <\/div>\n        <div class=\"urun-info\">\n          <h3>PT-183 Vehicle-Mounted Telescopic Platform<\/h3>\n        <\/div>\n      <\/a>\n\n      <a href=\"https:\/\/paktas.com\/urunler\/arac-ustu-platformlar\/pt-204-arac-ustu-teleskobik-platform\/\" class=\"paktas-urun-card\">\n        <div class=\"urun-img-wrapper\">\n          <img decoding=\"async\" src=\"https:\/\/paktas.com\/wp-content\/uploads\/2026\/04\/pt204.png\" alt=\"PT-204 Vehicle-Mounted Telescopic Platform\">\n          <div class=\"urun-overlay\">\n            <span class=\"incele-btn\">Review <i class=\"fa-solid fa-arrow-right\"><\/i><\/span>\n          <\/div>\n        <\/div>\n        <div class=\"urun-info\">\n          <h3>PT-204 Vehicle-Mounted Telescopic Platform<\/h3>\n        <\/div>\n      <\/a>\n\n      <a href=\"https:\/\/paktas.com\/urunler\/arac-ustu-platformlar\/pt-224-arac-ustu-teleskobik-platform\/\" class=\"paktas-urun-card\">\n        <div class=\"urun-img-wrapper\">\n          <img decoding=\"async\" src=\"https:\/\/paktas.com\/wp-content\/uploads\/2026\/04\/pt224.png\" alt=\"PT-224 Vehicle-Mounted Telescopic Platform\">\n          <div class=\"urun-overlay\">\n            <span class=\"incele-btn\">Review <i class=\"fa-solid fa-arrow-right\"><\/i><\/span>\n          <\/div>\n        <\/div>\n        <div class=\"urun-info\">\n          <h3>PT-224 Vehicle-Mounted Telescopic Platform<\/h3>\n        <\/div>\n      <\/a>\n\n      <a href=\"https:\/\/paktas.com\/urunler\/arac-ustu-platformlar\/pt-245-arac-ustu-teleskobik-platform\/\" class=\"paktas-urun-card\">\n        <div class=\"urun-img-wrapper\">\n          <img decoding=\"async\" src=\"https:\/\/paktas.com\/wp-content\/uploads\/2026\/04\/pt245.png\" alt=\"PT-245 Vehicle-Mounted Telescopic Platform\">\n          <div class=\"urun-overlay\">\n            <span class=\"incele-btn\">Review <i class=\"fa-solid fa-arrow-right\"><\/i><\/span>\n          <\/div>\n        <\/div>\n        <div class=\"urun-info\">\n          <h3>PT-245 Vehicle-Mounted Telescopic Platform<\/h3>\n        <\/div>\n      <\/a>\n\n      <a href=\"https:\/\/paktas.com\/urunler\/arac-ustu-platformlar\/pt-275-arac-ustu-teleskobik-platform\/\" class=\"paktas-urun-card\">\n        <div class=\"urun-img-wrapper\">\n          <img decoding=\"async\" src=\"https:\/\/paktas.com\/wp-content\/uploads\/2026\/04\/pt275.png\" alt=\"PT-275 Vehicle-Mounted Telescopic Platform\">\n          <div class=\"urun-overlay\">\n            <span class=\"incele-btn\">Review <i class=\"fa-solid fa-arrow-right\"><\/i><\/span>\n          <\/div>\n        <\/div>\n        <div class=\"urun-info\">\n          <h3>PT-275 Vehicle-Mounted Telescopic Platform<\/h3>\n        <\/div>\n      <\/a>\n\n      <a href=\"https:\/\/paktas.com\/urunler\/arac-ustu-platformlar\/pt-305-arac-ustu-teleskobik-platform\/\" class=\"paktas-urun-card\">\n        <div class=\"urun-img-wrapper\">\n          <img decoding=\"async\" src=\"https:\/\/paktas.com\/wp-content\/uploads\/2026\/04\/pt305.png\" alt=\"PT-305 Vehicle-Mounted Telescopic Platform\">\n          <div class=\"urun-overlay\">\n            <span class=\"incele-btn\">Review <i class=\"fa-solid fa-arrow-right\"><\/i><\/span>\n          <\/div>\n        <\/div>\n        <div class=\"urun-info\">\n          <h3>PT-305 Vehicle-Mounted Telescopic Platform<\/h3>\n        <\/div>\n      <\/a>\n\n      <a href=\"https:\/\/paktas.com\/urunler\/arac-ustu-platformlar\/pt-325f-arac-ustu-teleskobik-platform\/\" class=\"paktas-urun-card\">\n        <div class=\"urun-img-wrapper\">\n          <img decoding=\"async\" src=\"https:\/\/paktas.com\/wp-content\/uploads\/2026\/04\/pt325f.png\" alt=\"PT-325F Vehicle-Mounted Telescopic Platform\">\n          <div class=\"urun-overlay\">\n            <span class=\"incele-btn\">Review <i class=\"fa-solid fa-arrow-right\"><\/i><\/span>\n          <\/div>\n        <\/div>\n        <div class=\"urun-info\">\n          <h3>PT-325F Vehicle-Mounted Telescopic Platform<\/h3>\n        <\/div>\n      <\/a>\n\n      <a href=\"https:\/\/paktas.com\/urunler\/arac-ustu-platformlar\/pt-355f-arac-ustu-teleskobik-platform\/\" class=\"paktas-urun-card\">\n        <div class=\"urun-img-wrapper\">\n          <img decoding=\"async\" src=\"https:\/\/paktas.com\/wp-content\/uploads\/2026\/04\/pt355f.png\" alt=\"PT-355F Vehicle-Mounted Telescopic Platform\">\n          <div class=\"urun-overlay\">\n            <span class=\"incele-btn\">Review <i class=\"fa-solid fa-arrow-right\"><\/i><\/span>\n          <\/div>\n        <\/div>\n        <div class=\"urun-info\">\n          <h3>PT-355F Vehicle-Mounted Telescopic Platform<\/h3>\n        <\/div>\n      <\/a>\n\n      <a href=\"https:\/\/paktas.com\/urunler\/arac-ustu-platformlar\/pt-375e-arac-ustu-teleskobik-platform\/\" class=\"paktas-urun-card\">\n        <div class=\"urun-img-wrapper\">\n          <img decoding=\"async\" src=\"https:\/\/paktas.com\/wp-content\/uploads\/2026\/04\/pt375e.jpg\" alt=\"PT-375E Ara\u00e7 \u00dcst\u00fc Teleskobik Platform\">\n          <div class=\"urun-overlay\">\n            <span class=\"incele-btn\">Review <i class=\"fa-solid fa-arrow-right\"><\/i><\/span>\n          <\/div>\n        <\/div>\n        <div class=\"urun-info\">\n          <h3>PT-375E Vehicle-Mounted Telescopic Platform<\/h3>\n        <\/div>\n      <\/a>\n\n      <a href=\"https:\/\/paktas.com\/urunler\/arac-ustu-platformlar\/pt-426e-arac-ustu-teleskobik-platform\/\" class=\"paktas-urun-card\">\n        <div class=\"urun-img-wrapper\">\n          <img decoding=\"async\" src=\"https:\/\/paktas.com\/wp-content\/uploads\/2026\/04\/pt426e.png\" alt=\"PT-426E Vehicle-Mounted Telescopic Platform\">\n          <div class=\"urun-overlay\">\n            <span class=\"incele-btn\">Review <i class=\"fa-solid fa-arrow-right\"><\/i><\/span>\n          <\/div>\n        <\/div>\n        <div class=\"urun-info\">\n          <h3>PT-426E Vehicle-Mounted Telescopic Platform<\/h3>\n        <\/div>\n      <\/a>\n\n      <a href=\"https:\/\/paktas.com\/urunler\/arac-ustu-platformlar\/pt-557e-arac-ustu-teleskobik-platform\/\" class=\"paktas-urun-card\">\n        <div class=\"urun-img-wrapper\">\n          <img decoding=\"async\" src=\"https:\/\/paktas.com\/wp-content\/uploads\/2026\/04\/pt557e.png\" alt=\"PT-557E Vehicle-Mounted Telescopic Platform\">\n          <div class=\"urun-overlay\">\n            <span class=\"incele-btn\">Review <i class=\"fa-solid fa-arrow-right\"><\/i><\/span>\n          <\/div>\n        <\/div>\n        <div class=\"urun-info\">\n          <h3>PT-557E Ara\u00e7 \u00dcst\u00fc Teleskobik Platform<\/h3>\n        <\/div>\n      <\/a>\n\n    <\/div>\n  <\/div>\n<\/section><\/div><\/div><\/div><\/div><\/div><\/section>\n","protected":false},"excerpt":{"rendered":"","protected":false},"author":1,"featured_media":0,"parent":6917,"menu_order":0,"comment_status":"closed","ping_status":"closed","template":"","meta":{"footnotes":""},"class_list":["post-6943","page","type-page","status-publish","hentry"],"_links":{"self":[{"href":"https:\/\/paktas.com\/en\/wp-json\/wp\/v2\/pages\/6943","targetHints":{"allow":["GET"]}}],"collection":[{"href":"https:\/\/paktas.com\/en\/wp-json\/wp\/v2\/pages"}],"about":[{"href":"https:\/\/paktas.com\/en\/wp-json\/wp\/v2\/types\/page"}],"author":[{"embeddable":true,"href":"https:\/\/paktas.com\/en\/wp-json\/wp\/v2\/users\/1"}],"replies":[{"embeddable":true,"href":"https:\/\/paktas.com\/en\/wp-json\/wp\/v2\/comments?post=6943"}],"version-history":[{"count":2,"href":"https:\/\/paktas.com\/en\/wp-json\/wp\/v2\/pages\/6943\/revisions"}],"predecessor-version":[{"id":6945,"href":"https:\/\/paktas.com\/en\/wp-json\/wp\/v2\/pages\/6943\/revisions\/6945"}],"up":[{"embeddable":true,"href":"https:\/\/paktas.com\/en\/wp-json\/wp\/v2\/pages\/6917"}],"wp:attachment":[{"href":"https:\/\/paktas.com\/en\/wp-json\/wp\/v2\/media?parent=6943"}],"curies":[{"name":"wp","href":"https:\/\/api.w.org\/{rel}","templated":true}]}}