{"id":6895,"date":"2026-03-25T17:52:35","date_gmt":"2026-03-25T14:52:35","guid":{"rendered":"https:\/\/paktas.com\/contact\/"},"modified":"2026-04-10T15:39:22","modified_gmt":"2026-04-10T12:39:22","slug":"contact","status":"publish","type":"page","link":"https:\/\/paktas.com\/en\/contact\/","title":{"rendered":"Contact"},"content":{"rendered":"<section class=\"l-section wpb_row height_small\"><div class=\"l-section-overlay\" style=\"background:#fcfcfc\"><\/div><div class=\"l-section-h i-cf\"><div class=\"g-cols vc_row via_grid cols_1 laptops-cols_inherit tablets-cols_inherit mobiles-cols_1 valign_top type_default stacking_default\"><div class=\"wpb_column vc_column_container\"><div class=\"vc_column-inner\"><div class=\"w-html\"><section class=\"paktas-iletisim-section\">\n  <div class=\"paktas-container\">\n    \n    <div class=\"iletisim-header-wrapper\">\n      <h2 class=\"iletisim-main-title\">Contact us<\/h2>\n      <div class=\"iletisim-accent-line\"><\/div>\n      <p class=\"iletisim-lead-text\">\n For questions, technical support requests, operator training, or purchase offers, you can contact our expert team immediately.\n      <\/p>\n    <\/div><\/div><div class=\"g-cols wpb_row via_grid cols_2 laptops-cols_inherit tablets-cols_inherit mobiles-cols_1 valign_top type_default stacking_default\" style=\"--columns-gap:3rem;\"><div class=\"wpb_column vc_column_container\"><div class=\"vc_column-inner\"><div class=\"w-html us_custom_4b223506\"><div class=\"iletisim-info-col\">\n  <h3 class=\"iletisim-col-title\">Our Contact Information<\/h3>\n  \n  <ul class=\"iletisim-list\">\n    <li>\n      <div class=\"icon-box\"><i class=\"fa-solid fa-map-location-dot\"><\/i><\/div>\n      <div class=\"info-text\">\n        <strong>Headquarters &amp; Factory<\/strong>\n<span>Yazl\u0131k Mah. D-130 Karayolu Cad. No:95 G\u00f6lc\u00fck \/ Kocaeli<\/span>\n      <\/div>\n    <\/li>\n    <li>\n      <div class=\"icon-box\"><i class=\"fa-solid fa-phone\"><\/i><\/div>\n      <div class=\"info-text\">\n        <strong>Phone<\/strong>\n<span>0262 433 24 28<\/span>\n      <\/div>\n    <\/li>\n    <li>\n      <div class=\"icon-box\"><i class=\"fa-solid fa-envelope\"><\/i><\/div>\n      <div class=\"info-text\">\n        <strong>Email<\/strong>\n<span>info@paktas.com<\/span>\n      <\/div>\n    <\/li>\n  <\/ul>\n\n<div class=\"iletisim-map-box\">\n  <iframe src=\"https:\/\/www.google.com\/maps\/embed?pb=!1m18!1m12!1m3!1d2447.187416989086!2d29.86480923352987!3d40.7077706148075!2m3!1f0!2f0!3f0!3m2!1i1024!2i768!4f13.1!3m3!1m2!1s0x14cb414c9ae6ec93:0x474e0aef4bcaa480!2sPAKTA\u015e PLATFORM A.\u015e.!5e0!3m2!1str!2str!4v1774562181588!5m2!1str!2str\" width=\"100%\" height=\"250\" style=\"border:0;\" allowfullscreen=\"\" loading=\"lazy\" referrerpolicy=\"no-referrer-when-downgrade\">\n  <\/iframe>\n<\/div>\n<\/div><\/div><\/div><\/div><div class=\"wpb_column vc_column_container us_custom_3e09f8be\"><div class=\"vc_column-overlay\" style=\"background:#ffffff\"><\/div><div class=\"vc_column-inner\"><div class=\"w-html\"><h3 class=\"iletisim-col-title\">Send a message<\/h3>\n        <p class=\"form-desc\">You can quickly leave us a message by filling out the form below. Our team will get back to you as soon as possible. <\/p><\/div><div class=\"w-separator size_medium\"><\/div><form class=\"w-form  us-field-style_1 layout_ver show_message_after_sending for_cform us_form_1\" action=\"https:\/\/paktas.com\/en\/wp-json\/wp\/v2\/pages\/6895\" method=\"post\"><div class=\"w-form-h\"><div class=\"w-form-row for_text cols_2\">\r\n\t\t<div class=\"w-form-row-field\">\r\n\t\t\t\t\t\t<input aria-label=\"Full Name\" type=\"text\" name=\"us_form_1_text_1\" value placeholder=\"Full Name\"\/>\r\n\t\t\t<\/div>\r\n\t\t<div class=\"w-form-row-state\">Fill out this field<\/div>\r\n<\/div>\r\n<div class=\"w-form-row for_text cols_2\">\r\n\t\t<div class=\"w-form-row-field\">\r\n\t\t\t\t\t\t<input aria-label=\"Company Name\" type=\"text\" name=\"us_form_1_text_2\" value placeholder=\"Company Name\"\/>\r\n\t\t\t<\/div>\r\n\t\t<div class=\"w-form-row-state\">Fill out this field<\/div>\r\n<\/div>\r\n<div class=\"w-form-row for_text cols_2\">\r\n\t\t<div class=\"w-form-row-field\">\r\n\t\t\t\t\t\t<input aria-label=\"Phone\" inputmode=\"tel\" type=\"text\" name=\"us_form_1_text_3\" value placeholder=\"Phone\"\/>\r\n\t\t\t<\/div>\r\n\t\t<div class=\"w-form-row-state\">Fill out this field<\/div>\r\n<\/div>\r\n<div class=\"w-form-row for_email cols_2\">\r\n\t\t<div class=\"w-form-row-field\">\r\n\t\t\t\t\t\t<input aria-label=\"Email\" type=\"email\" name=\"us_form_1_email_1\" value placeholder=\"Email\"\/>\r\n\t\t\t<\/div>\r\n\t\t<div class=\"w-form-row-state\">Please enter a valid email address.<\/div>\r\n<\/div>\r\n<div class=\"w-form-row for_textarea\">\r\n\t\t<div class=\"w-form-row-field\">\r\n\t\t\t\t\t\t<textarea aria-label=\"Text\" name=\"us_form_1_textarea_1\" placeholder=\"Text\"><\/textarea>\r\n\t\t\t<\/div>\r\n\t\t<div class=\"w-form-row-state\">Fill out this field<\/div>\r\n<\/div>\r\n<input type=\"hidden\" name=\"action\" value=\"us_ajax_cform\" \/>\r\n<input type=\"hidden\" name=\"post_id\" value=\"0\" \/>\r\n<input type=\"hidden\" name=\"form_index\" value=\"1\" \/>\r\n<div class=\"w-form-row for_submit align_none\"><button class=\"w-btn us-btn-style_1\" type=\"submit\" aria-label=\"Submit\"><span class=\"g-preloader type_1\"><\/span><span class=\"w-btn-label\">Submit<\/span><\/button><\/div><\/div><div class=\"w-form-message\"><\/div><div class=\"w-form-json hidden\" onclick='return {&quot;ajaxurl&quot;:&quot;https:\\\/\\\/paktas.com\\\/wp-admin\\\/admin-ajax.php&quot;,&quot;messages&quot;:{&quot;err_empty&quot;:&quot;Fill out this field&quot;,&quot;err_size&quot;:&quot;File size cannot exceed %s MB&quot;,&quot;err_extension&quot;:&quot;%s file type is not allowed&quot;,&quot;err_recaptcha_keys&quot;:&quot;reCAPTCHA keys are incorrect&quot;}}'><\/div><\/form><\/div><\/div><\/div><\/div><\/div><\/div><\/div><\/section>\n","protected":false},"excerpt":{"rendered":"","protected":false},"author":1,"featured_media":0,"parent":0,"menu_order":0,"comment_status":"closed","ping_status":"closed","template":"","meta":{"footnotes":""},"class_list":["post-6895","page","type-page","status-publish","hentry"],"_links":{"self":[{"href":"https:\/\/paktas.com\/en\/wp-json\/wp\/v2\/pages\/6895","targetHints":{"allow":["GET"]}}],"collection":[{"href":"https:\/\/paktas.com\/en\/wp-json\/wp\/v2\/pages"}],"about":[{"href":"https:\/\/paktas.com\/en\/wp-json\/wp\/v2\/types\/page"}],"author":[{"embeddable":true,"href":"https:\/\/paktas.com\/en\/wp-json\/wp\/v2\/users\/1"}],"replies":[{"embeddable":true,"href":"https:\/\/paktas.com\/en\/wp-json\/wp\/v2\/comments?post=6895"}],"version-history":[{"count":2,"href":"https:\/\/paktas.com\/en\/wp-json\/wp\/v2\/pages\/6895\/revisions"}],"predecessor-version":[{"id":6897,"href":"https:\/\/paktas.com\/en\/wp-json\/wp\/v2\/pages\/6895\/revisions\/6897"}],"wp:attachment":[{"href":"https:\/\/paktas.com\/en\/wp-json\/wp\/v2\/media?parent=6895"}],"curies":[{"name":"wp","href":"https:\/\/api.w.org\/{rel}","templated":true}]}}